{"id":9792,"date":"2018-09-15T21:56:50","date_gmt":"2018-09-15T21:56:50","guid":{"rendered":"https:\/\/albanianipmatters.al\/?page_id=9792"},"modified":"2020-09-25T14:05:23","modified_gmt":"2020-09-25T14:05:23","slug":"contact-us","status":"publish","type":"page","link":"https:\/\/albanianipmatters.al\/al\/contact-us\/","title":{"rendered":"Kontakt"},"content":{"rendered":"<div class=\"wpb-content-wrapper\"><div class=\"vc_row wpb_row vc_row-fluid vc_col-sm-offset-0 vc_hidden-sm vc_hidden-xs vc_custom_1555008866237 container\"><div class=\"wpb_column vc_column_container vc_col-sm-12\"><div class=\"vc_column-inner\"><div class=\"wpb_wrapper\"><\/div><\/div><\/div><\/div><div class=\"vc_row wpb_row vc_row-fluid vc_custom_1555008704599 container\"><div class=\"wpb_column vc_column_container vc_col-sm-3\"><div class=\"vc_column-inner vc_custom_1554575473574\"><div class=\"wpb_wrapper\"><div class=\"ult-animation  ult-animate-viewport  ult-no-mobile  vc_custom_1554575288086\" data-animate=\"fadeInRight\" data-animation-delay=\"0.3\" data-animation-duration=\"1\" data-animation-iteration=\"1\" style=\"opacity:0;\" data-opacity_start_effect=\"\">\n\t<div class=\"wpb_text_column wpb_content_element\" >\n\t\t<div class=\"wpb_wrapper\">\n\t\t\t<h1 style=\"position: relative; font-size: 31px; color: #636363; text-align: left;\"><strong>Na kontaktoni<\/strong><\/h1>\n\n\t\t<\/div>\n\t<\/div>\n<\/div><div class=\"ult-animation  ult-animate-viewport  ult-no-mobile  vc_custom_1554575319022\" data-animate=\"fadeInRight\" data-animation-delay=\"0.3\" data-animation-duration=\"1\" data-animation-iteration=\"1\" style=\"opacity:0;\" data-opacity_start_effect=\"\">\n\t<div class=\"wpb_text_column wpb_content_element\" >\n\t\t<div class=\"wpb_wrapper\">\n\t\t\t<h1 style=\"position: relative; font-size: 31px; color: #636363; text-align: left;\"><strong>&amp;<\/strong><\/h1>\n\n\t\t<\/div>\n\t<\/div>\n<\/div><div class=\"ult-animation  ult-animate-viewport  ult-no-mobile\" data-animate=\"fadeInRight\" data-animation-delay=\"0.4\" data-animation-duration=\"1\" data-animation-iteration=\"1\" style=\"opacity:0;\" data-opacity_start_effect=\"\">\n\t<div class=\"wpb_text_column wpb_content_element\" >\n\t\t<div class=\"wpb_wrapper\">\n\t\t\t<h1 style=\"position: relative; font-size: 31px; color: #636363; text-align: left;\"><strong>Gjeni zgidhjen.<\/strong><\/h1>\n\n\t\t<\/div>\n\t<\/div>\n<\/div><\/div><\/div><\/div><div class=\"wpb_column vc_column_container vc_col-sm-9\"><div class=\"vc_column-inner\"><div class=\"wpb_wrapper\"><div class=\"vc_row wpb_row vc_inner vc_row-fluid\"><div class=\"wpb_column vc_column_container vc_col-sm-6\"><div class=\"vc_column-inner\"><div class=\"wpb_wrapper\"><div class=\"pix_icon_box  left\"  ><div class=\"icon100 bg-none default\"><span class=\"icon pixicon-location\"><\/span><\/div><div class=\"icon-box-content\"><h3 class=\"title\">Adresa<\/h3><p class=\"content\"><\/p>\n<div><\/div>\n<div class=\"contact-details\">Albanian IP Matters<br \/>\nRruga \u201cBesim Alla\u201d Pallati \u201cDilo\u201d Shkalla 5 Apt. 25<br \/>\nYzberisht 1051<br \/>\nTirana Albania<\/div>\n<p><\/p><\/div><\/div><div class=\"pix_icon_box  left\"  ><div class=\"icon100 bg-none default\"><span class=\"icon pixicon-envelope-solid\"><\/span><\/div><div class=\"icon-box-content\"><h3 class=\"title\">Email<\/h3><p class=\"content\"><\/p>\n<div class=\"contact-details\"><a href=\"mailto:team@albanianipmattes.al\">team@albanianipmatters.al<\/a><\/div>\n<p><\/p><\/div><\/div><div class=\"pix_icon_box  left\"  ><div class=\"icon100 bg-none default\"><span class=\"icon pixicon-phone-4\"><\/span><\/div><div class=\"icon-box-content\"><h3 class=\"title\">Telefon<\/h3><p class=\"content\"><\/p>\n<div class=\"contact-details\"><a href=\"callto: 355674083530\">+355 67 4083 530<\/a><\/div>\n<p><\/p><\/div><\/div><\/div><\/div><\/div><div class=\"wpb_column vc_column_container vc_col-sm-6\"><div class=\"vc_column-inner\"><div class=\"wpb_wrapper\">\n<div class=\"wpcf7 no-js\" id=\"wpcf7-f137-o1\" lang=\"en-US\" dir=\"ltr\">\n<div class=\"screen-reader-response\"><p role=\"status\" aria-live=\"polite\" aria-atomic=\"true\"><\/p> <ul><\/ul><\/div>\n<form action=\"\/al\/wp-json\/wp\/v2\/pages\/9792#wpcf7-f137-o1\" method=\"post\" class=\"wpcf7-form init\" aria-label=\"Contact form\" novalidate=\"novalidate\" data-status=\"init\" data-trp-original-action=\"\/al\/wp-json\/wp\/v2\/pages\/9792#wpcf7-f137-o1\">\n<div style=\"display: none;\">\n<input type=\"hidden\" name=\"_wpcf7\" value=\"137\" \/>\n<input type=\"hidden\" name=\"_wpcf7_version\" value=\"5.9.5\" \/>\n<input type=\"hidden\" name=\"_wpcf7_locale\" value=\"en_US\" \/>\n<input type=\"hidden\" name=\"_wpcf7_unit_tag\" value=\"wpcf7-f137-o1\" \/>\n<input type=\"hidden\" name=\"_wpcf7_container_post\" value=\"0\" \/>\n<input type=\"hidden\" name=\"_wpcf7_posted_data_hash\" value=\"\" \/>\n<input type=\"hidden\" name=\"_wpcf7_recaptcha_response\" value=\"\" \/>\n<\/div>\n<div class=\"modern-contact-form2\">\n\t<p class=\"col-md-12\"><span class=\"wpcf7-form-control-wrap\" data-name=\"your-name\"><input size=\"40\" class=\"wpcf7-form-control wpcf7-text wpcf7-validates-as-required\" aria-required=\"true\" aria-invalid=\"false\" placeholder=\"Emri\" value=\"\" type=\"text\" name=\"your-name\" \/><\/span>\n\t<\/p>\n\t<p class=\"col-md-12\"><span class=\"wpcf7-form-control-wrap\" data-name=\"your-email\"><input size=\"40\" class=\"wpcf7-form-control wpcf7-email wpcf7-validates-as-required wpcf7-text wpcf7-validates-as-email\" aria-required=\"true\" aria-invalid=\"false\" placeholder=\"Email\" value=\"\" type=\"email\" name=\"your-email\" \/><\/span>\n\t<\/p>\n\t<p class=\"col-md-12\"><span class=\"wpcf7-form-control-wrap\" data-name=\"your-subject\"><input size=\"40\" class=\"wpcf7-form-control wpcf7-text wpcf7-validates-as-required\" aria-required=\"true\" aria-invalid=\"false\" placeholder=\"L\u00ebnda\" value=\"\" type=\"text\" name=\"your-subject\" \/><\/span>\n\t<\/p>\n\t<p class=\"col-md-12\"><span class=\"wpcf7-form-control-wrap\" data-name=\"your-message\"><textarea cols=\"40\" rows=\"10\" class=\"wpcf7-form-control wpcf7-textarea wpcf7-validates-as-required\" aria-required=\"true\" aria-invalid=\"false\" placeholder=\"Mesazhi Juaj\" name=\"your-message\"><\/textarea><\/span>\n\t<\/p>\n\t<div class=\"col-md-12 recap\">\n\t\n\t<\/div>\n\t<p class=\"center-align col-md-12\"><input class=\"wpcf7-form-control wpcf7-submit has-spinner btn btn-solid c7-button btn-lg btn-hover-outline color btn-hover-color\" type=\"submit\" value=\"D\u00ebrgo\" \/>\n\t<\/p>\n<\/div><div class=\"wpcf7-response-output\" aria-hidden=\"true\"><\/div>\n<input type=\"hidden\" name=\"trp-form-language\" value=\"al\"\/><\/form>\n<\/div>\n<\/div><\/div><\/div><\/div><\/div><\/div><\/div><\/div><div class=\"vc_row wpb_row vc_row-fluid vc_custom_1554571697095 container\"><div class=\"wpb_column vc_column_container vc_col-sm-6\"><div class=\"vc_column-inner vc_custom_1554389812245\"><div class=\"wpb_wrapper\"><\/div><\/div><\/div><div class=\"wpb_column vc_column_container vc_col-sm-6\"><div class=\"vc_column-inner vc_custom_1554572075567\"><div class=\"wpb_wrapper\"><div class=\"vc_message_box vc_message_box-solid vc_message_box-square vc_color-white vc_do_message\" id=\"info-box\"><div class=\"vc_message_box-icon\"><i class=\"fas fa-info-circle\"><\/i><\/div><p>Ju lutem vini re se duke p\u00ebrdorur k\u00ebt\u00eb formular, ju pranoni q\u00eb \u00e7do informacion i paraqitur nuk krijon marr\u00ebdh\u00ebnie avokat-klientit dhe se informacioni nuk \u00ebsht\u00eb konfidencial.<br \/>\nAlbanian IP Matters mbledh dhe p\u00ebrpunon t\u00eb dh\u00ebnat personale vet\u00ebm p\u00ebr q\u00ebllimin e dh\u00ebn\u00eb dhe nuk shp\u00ebrndan, ose n\u00eb ndonj\u00eb m\u00ebnyr\u00eb tjet\u00ebr tregton, t\u00eb dh\u00ebnat tuaja personale.<\/p>\n<\/div><\/div><\/div><\/div><\/div>\n<\/div>","protected":false},"excerpt":{"rendered":"Contact Us &amp; Find the solution. Adresss Albanian IP Matters Rruga \u201cBesim Alla\u201d Pallati \u201cDilo\u201d Shkalla 5 Apt. 25 Yzberisht 1051 Tirana Albania Email team@albanianipmatters.al Phone +355 67 4083 530 Please note that by using this form you agree that...","protected":false},"author":1,"featured_media":0,"parent":0,"menu_order":0,"comment_status":"closed","ping_status":"closed","template":"","meta":{"footnotes":""},"_links":{"self":[{"href":"https:\/\/albanianipmatters.al\/al\/wp-json\/wp\/v2\/pages\/9792"}],"collection":[{"href":"https:\/\/albanianipmatters.al\/al\/wp-json\/wp\/v2\/pages"}],"about":[{"href":"https:\/\/albanianipmatters.al\/al\/wp-json\/wp\/v2\/types\/page"}],"author":[{"embeddable":true,"href":"https:\/\/albanianipmatters.al\/al\/wp-json\/wp\/v2\/users\/1"}],"replies":[{"embeddable":true,"href":"https:\/\/albanianipmatters.al\/al\/wp-json\/wp\/v2\/comments?post=9792"}],"version-history":[{"count":150,"href":"https:\/\/albanianipmatters.al\/al\/wp-json\/wp\/v2\/pages\/9792\/revisions"}],"predecessor-version":[{"id":10580,"href":"https:\/\/albanianipmatters.al\/al\/wp-json\/wp\/v2\/pages\/9792\/revisions\/10580"}],"wp:attachment":[{"href":"https:\/\/albanianipmatters.al\/al\/wp-json\/wp\/v2\/media?parent=9792"}],"curies":[{"name":"wp","href":"https:\/\/api.w.org\/{rel}","templated":true}]}}