{"id":9840,"date":"2018-09-18T21:12:18","date_gmt":"2018-09-18T21:12:18","guid":{"rendered":"https:\/\/albanianipmatters.al\/?page_id=9840"},"modified":"2019-07-15T20:29:42","modified_gmt":"2019-07-15T20:29:42","slug":"area-of-expertise","status":"publish","type":"page","link":"https:\/\/albanianipmatters.al\/al\/area-of-expertise\/","title":{"rendered":"Ekspertiza"},"content":{"rendered":"<div class=\"wpb-content-wrapper\"><div class=\"vc_row wpb_row vc_row-fluid vc_custom_1555313842985 container\"><div class=\"wpb_column vc_column_container vc_col-sm-12\"><div class=\"vc_column-inner vc_custom_1554656816433\"><div class=\"wpb_wrapper\"><div class=\"ult-animation  ult-animate-viewport  ult-no-mobile\" data-animate=\"fadeInUp\" data-animation-delay=\"0.3\" data-animation-duration=\"1.5\" data-animation-iteration=\"1\" style=\"opacity:0;\" data-opacity_start_effect=\"\">\n\t<div class=\"wpb_text_column wpb_content_element\" >\n\t\t<div class=\"wpb_wrapper\">\n\t\t\t<div class=\"expertise-popup\">Zgjidhje t\u00eb Personalizuara p\u00ebr PI Tuaj<\/div>\n\n\t\t<\/div>\n\t<\/div>\n<\/div><\/div><\/div><\/div><\/div><div class=\"vc_row wpb_row vc_row-fluid vc_hidden-sm vc_hidden-xs vc_custom_1554656805384 container\"><div class=\"wpb_column vc_column_container vc_col-sm-4\"><div class=\"vc_column-inner\"><div class=\"wpb_wrapper\">\n\t<div class=\"wpb_text_column wpb_content_element\" >\n\t\t<div class=\"wpb_wrapper\">\n\t\t\t<div class=\"hvrbox\">\n<h2 class=\"pg-title\">Patentat &amp; Modelet e P\u00ebrdorimit<\/h2>\n<p><img decoding=\"async\" class=\"hvrbox-layer_bottom\" src=\"https:\/\/albanianipmatters.al\/wp-content\/uploads\/2018\/10\/headerfinal1.jpg\" alt=\"\" \/><\/p>\n<div class=\"hvrbox-layer_top\">\n<div class=\"hvrbox-text\">\n<p>Albanian IP Matters ofron sh\u00ebrbime t\u00eb lidhura me:<\/p>\n<ul>\n<li>regjistrimin e patentave, modeleve t\u00eb p\u00ebrdorimit si dhe vlefshm\u00ebrin\u00eb e patentave evropiane;<\/li>\n<li>zgjatjen e afatit te mbrojtjes s\u00eb patentave n\u00ebp\u00ebrmjet certifikatave t\u00eb mbrojtjes shtes\u00eb;<\/li>\n<li>rivendosjen e patentave dhe modeleve t\u00eb p\u00ebrdorimit t\u00eb skaduara.<\/li>\n<\/ul>\n<\/div>\n<\/div>\n<\/div>\n\n\t\t<\/div>\n\t<\/div>\n<\/div><\/div><\/div><div class=\"wpb_column vc_column_container vc_col-sm-4\"><div class=\"vc_column-inner\"><div class=\"wpb_wrapper\">\n\t<div class=\"wpb_text_column wpb_content_element\" >\n\t\t<div class=\"wpb_wrapper\">\n\t\t\t<div class=\"hvrbox\">\n<h2 class=\"pg-title\">Disenjot Industriale<\/h2>\n<p><img decoding=\"async\" class=\"hvrbox-layer_bottom\" src=\"https:\/\/albanianipmatters.al\/wp-content\/uploads\/2018\/10\/headerfinal1.jpg\" alt=\"\" \/><\/p>\n<div class=\"hvrbox-layer_top\">\n<div class=\"hvrbox-text\">\n<p>Albanian IP Matters ofron sh\u00ebrbime t\u00eb lidhura me:<\/p>\n<ul>\n<li>k\u00ebrkimin, p\u00ebrgatitjen dhe ndjekjen e procedures s\u00eb regjistrimit te dizenjove industriale;<\/li>\n<li>paraqitjen e kund\u00ebrshtimeve ndaj nj\u00eb disenjo t\u00eb aplikuar apo te regjistruar;<\/li>\n<li>mbrojtjen n\u00eb procedura kund\u00ebrshtimi t\u00eb iniciuara nga pal\u00ebt e treta.<\/li>\n<\/ul>\n<\/div>\n<\/div>\n<\/div>\n\n\t\t<\/div>\n\t<\/div>\n<\/div><\/div><\/div><div class=\"wpb_column vc_column_container vc_col-sm-4\"><div class=\"vc_column-inner\"><div class=\"wpb_wrapper\">\n\t<div class=\"wpb_text_column wpb_content_element\" >\n\t\t<div class=\"wpb_wrapper\">\n\t\t\t<div class=\"hvrbox\">\n<h2 class=\"pg-title\">Markat Tregtare<\/h2>\n<p><img decoding=\"async\" class=\"hvrbox-layer_bottom\" src=\"https:\/\/albanianipmatters.al\/wp-content\/uploads\/2018\/10\/headerfinal1.jpg\" alt=\"\" \/><\/p>\n<div class=\"hvrbox-layer_top\">\n<div class=\"hvrbox-text\">\n<p>Albanian IP Matters ofron sh\u00ebrbime t\u00eb lidhura me:<\/p>\n<ul>\n<li>k\u00ebrkimin, p\u00ebrgatitjen dhe ndjekjen e procedures se aplikimeve p\u00ebr regjistimin e markave tregtare;<\/li>\n<li>paraqitjen e kund\u00ebrshtimeve ndaj nj\u00eb marke t\u00eb aplikuar apo t\u00eb regjistruar;<\/li>\n<li>mbrojtjen n\u00eb procedura kund\u00ebrshtimi t\u00eb iniciuara nga pal\u00ebt e treta.<\/li>\n<\/ul>\n<\/div>\n<\/div>\n<\/div>\n\n\t\t<\/div>\n\t<\/div>\n<\/div><\/div><\/div><\/div><div class=\"vc_row wpb_row vc_row-fluid vc_hidden-sm vc_hidden-xs vc_custom_1537820412104 container\"><div class=\"wpb_column vc_column_container vc_col-sm-4\"><div class=\"vc_column-inner\"><div class=\"wpb_wrapper\">\n\t<div class=\"wpb_text_column wpb_content_element\" >\n\t\t<div class=\"wpb_wrapper\">\n\t\t\t<div class=\"hvrbox\">\n<h2 class=\"pg-title\">E drejta e Autorit<\/h2>\n<p><img decoding=\"async\" class=\"hvrbox-layer_bottom\" src=\"https:\/\/albanianipmatters.al\/wp-content\/uploads\/2018\/10\/headerfinal1.jpg\" alt=\"\" \/><\/p>\n<div class=\"hvrbox-layer_top\">\n<div class=\"hvrbox-text\">\n<p>Albanian IP Matters ju asiston n\u00eb:<\/p>\n<ul>\n<li>procedur\u00ebn e regjistrimit t\u00eb s\u00eb drejt\u00ebs s\u00eb autorit prane autoritetit perkates;<\/li>\n<li>proceset gjyqesore t\u00eb lidhura me t\u00eb drejt\u00ebn e autorit;<\/li>\n<li>\u2022\tndjekjen ligjore, p\u00ebrfshir\u00eb veprimet p\u00ebr t\u00eb luftuar piraterin\u00eb dhe fallsifikimin e veprave t\u00eb mbrojtura nga e drejta e autori.<\/li>\n<\/ul>\n<\/div>\n<\/div>\n<\/div>\n\n\t\t<\/div>\n\t<\/div>\n<\/div><\/div><\/div><div class=\"wpb_column vc_column_container vc_col-sm-4\"><div class=\"vc_column-inner\"><div class=\"wpb_wrapper\">\n\t<div class=\"wpb_text_column wpb_content_element\" >\n\t\t<div class=\"wpb_wrapper\">\n\t\t\t<div class=\"hvrbox\">\n<p><img decoding=\"async\" class=\"hvrbox-layer_bottom\" src=\"https:\/\/albanianipmatters.al\/wp-content\/uploads\/2019\/04\/alalalala-Recovered.jpg\" alt=\"\" \/><\/p>\n<div class=\"countries\">\n<p class=\"country\" style=\"font-size: 15px;\">n\u00eb<\/p>\n<p class=\"country\">Shqip\u00ebri<\/p>\n<p class=\"country\">Kosov\u00eb<\/p>\n<p class=\"country\">Mal t\u00eb Zi<\/p>\n<p class=\"country\">Maqedonin\u00eb e Veriut<\/p>\n<\/div>\n<div class=\"hvrbox-layer_top\">\n<div class=\"hvrbox-text\"><\/div>\n<\/div>\n<\/div>\n\n\t\t<\/div>\n\t<\/div>\n<\/div><\/div><\/div><div class=\"wpb_column vc_column_container vc_col-sm-4\"><div class=\"vc_column-inner\"><div class=\"wpb_wrapper\">\n\t<div class=\"wpb_text_column wpb_content_element\" >\n\t\t<div class=\"wpb_wrapper\">\n\t\t\t<div class=\"hvrbox\">\n<h2 class=\"pg-title\">Emrat e Domain-ve<\/h2>\n<p><img decoding=\"async\" class=\"hvrbox-layer_bottom\" src=\"https:\/\/albanianipmatters.al\/wp-content\/uploads\/2018\/10\/headerfinal1.jpg\" alt=\"\" \/><\/p>\n<div class=\"hvrbox-layer_top\">\n<div class=\"hvrbox-text hvrbox-text-center\">Albanian IP Matters ju asiston n\u00eb regjistrimin e emrave t\u00eb domain-ve, si dhe n\u00eb zgjidhjen e\nmosmarr\u00ebveshjeve p\u00ebrmes mekanizmave t\u00eb nd\u00ebrmjet\u00ebsimit dhe\/ose proceseve gjyq\u00ebsore.<\/div>\n<\/div>\n<\/div>\n\n\t\t<\/div>\n\t<\/div>\n<\/div><\/div><\/div><\/div><div class=\"vc_row wpb_row vc_row-fluid vc_hidden-sm vc_hidden-xs container\"><div class=\"wpb_column vc_column_container vc_col-sm-4\"><div class=\"vc_column-inner\"><div class=\"wpb_wrapper\">\n\t<div class=\"wpb_text_column wpb_content_element\" >\n\t\t<div class=\"wpb_wrapper\">\n\t\t\t<div class=\"hvrbox\">\n<h2 class=\"pg-title\">Marketing &amp; Konkurenca e (Pa) Ndershme<\/h2>\n<p><img decoding=\"async\" class=\"hvrbox-layer_bottom\" src=\"https:\/\/albanianipmatters.al\/wp-content\/uploads\/2018\/10\/headerfinal1.jpg\" alt=\"\" \/><\/p>\n<div class=\"hvrbox-layer_top\">\n<div class=\"hvrbox-text hvrbox-text-center\">Albanian IP Matters ofron k\u00ebshilla p\u00ebr t\u00eb gjitha aspektet ligjore t\u00eb marketingut dhe konkurrenc\u00ebs s\u00eb (pa) ndershme psh. tregtimi i produkteve t\u00eb ngjashme deri tek reklamat krahasuese apo mashtruese.<br \/>\nNe i ndihmojm\u00eb klient\u00ebt rregullisht n\u00eb p\u00ebrshtatjen e strategjive t\u00eb marketingut p\u00ebr t\u00eb qen\u00eb n\u00eb\np\u00ebrputhje me rregullat e konkurrenc\u00ebs s\u00eb ndershme dhe legjislacionin rregullator, si dhe n\u00eb\nhartimin e guidave t\u00eb marketingut n\u00eb rrjetet sociale.<\/div>\n<\/div>\n<\/div>\n\n\t\t<\/div>\n\t<\/div>\n<\/div><\/div><\/div><div class=\"wpb_column vc_column_container vc_col-sm-4\"><div class=\"vc_column-inner\"><div class=\"wpb_wrapper\">\n\t<div class=\"wpb_text_column wpb_content_element\" >\n\t\t<div class=\"wpb_wrapper\">\n\t\t\t<div class=\"hvrbox\">\n<h2 class=\"pg-title\">Ndjekja e t\u00eb Drejtave t\u00eb PI &amp; Masa ndaj Pirateris\u00eb<\/h2>\n<p><img decoding=\"async\" class=\"hvrbox-layer_bottom\" src=\"https:\/\/albanianipmatters.al\/wp-content\/uploads\/2018\/10\/headerfinal1.jpg\" alt=\"\" \/><\/p>\n<div class=\"hvrbox-layer_top\">\n<div class=\"hvrbox-text\">\n<p>Albanian IP Matters can help you:<\/p>\n<ul>\n<li>prepare cease-and-desist letters or other pre-litigation notices;<\/li>\n<li>investigate infringement evidence;<\/li>\n<li>litigate infringement cases;<\/li>\n<li>work with local customs authorities, trade inspectorates and police to combat privacy and counterfeiting.<\/li>\n<\/ul>\n<\/div>\n<\/div>\n<\/div>\n\n\t\t<\/div>\n\t<\/div>\n<\/div><\/div><\/div><div class=\"wpb_column vc_column_container vc_col-sm-4\"><div class=\"vc_column-inner\"><div class=\"wpb_wrapper\">\n\t<div class=\"wpb_text_column wpb_content_element\" >\n\t\t<div class=\"wpb_wrapper\">\n\t\t\t<div class=\"hvrbox\">\n<h2 class=\"pg-title\">Sh\u00ebrbime t\u00eb tjera<\/h2>\n<p><img decoding=\"async\" class=\"hvrbox-layer_bottom\" src=\"https:\/\/albanianipmatters.al\/wp-content\/uploads\/2018\/10\/headerfinal1.jpg\" alt=\"\" \/><\/p>\n<div class=\"hvrbox-layer_top\">\n<div class=\"hvrbox-text\" style=\"text-align: left;\">\n<p>Ne gjithashtu sigurojm\u00eb sh\u00ebrbime n\u00eb lidhje me:<br \/>\n<!-- class=\"list-services\" --><\/p>\n<ul>\n<li>t\u00eb drejtat e varieteteve t\u00eb bim\u00ebve<\/li>\n<li>treguesit gjeografik si dhe em\u00ebrtime t\u00eb origjin\u00ebs<\/li>\n<li>regjistrimi i barnave me autoritetet lokale<\/li>\n<li>c\u00ebshtje t\u00eb lidhura me etiketimin e produkteve, dhe sigurin\u00eb e tyre<\/li>\n<li>mosmarr\u00ebveshje t\u00eb lidhura me kontrat\u00ebn e shp\u00ebrndarjes, franchising, etj<\/li>\n<\/ul>\n<\/div>\n<\/div>\n<\/div>\n\n\t\t<\/div>\n\t<\/div>\n<\/div><\/div><\/div><\/div><div class=\"vc_row wpb_row vc_row-fluid vc_hidden-lg vc_hidden-md container\"><div class=\"wpb_column vc_column_container vc_col-sm-12\"><div class=\"vc_column-inner\"><div class=\"wpb_wrapper\"><div class=\"vc_tta-container\" data-vc-action=\"collapseAll\"><div class=\"vc_general vc_tta vc_tta-accordion vc_tta-color-juicy-pink vc_tta-style-modern vc_tta-shape-square vc_tta-spacing-10 vc_tta-controls-align-default vc_tta-o-all-clickable\"><div class=\"vc_tta-panels-container\"><div class=\"vc_tta-panels\"><div class=\"vc_tta-panel vc_active\" id=\"1537819933993-693bd3c3-86c7\" data-vc-content=\".vc_tta-panel-body\"><div class=\"vc_tta-panel-heading\"><h4 class=\"vc_tta-panel-title vc_tta-controls-icon-position-left\"><a href=\"#1537819933993-693bd3c3-86c7\" data-vc-accordion data-vc-container=\".vc_tta-container\"><span class=\"vc_tta-title-text\">Patentat &amp; Modelet e P\u00ebrdorimit<\/span><i class=\"vc_tta-controls-icon vc_tta-controls-icon-chevron\"><\/i><\/a><\/h4><\/div><div class=\"vc_tta-panel-body\">\n\t<div class=\"wpb_text_column wpb_content_element\" >\n\t\t<div class=\"wpb_wrapper\">\n\t\t\t<div class=\"intro area-text\">Albanian IP Matters ofron sh\u00ebrbime t\u00eb lidhura me regjistrimin e patentave, modeleve t\u00eb p\u00ebrdorimit dhe vlefshm\u00ebrin\u00eb e patentave evropiane.<br \/>\nNe gjithashtu asistojm\u00eb klient\u00ebt n\u00eb aplikimin e certifikatave t\u00eb mbrojtjes shtes\u00eb, si dhe rivendosjen e patentave dhe modeleve t\u00eb p\u00ebrdorimit t\u00eb skaduara kur \u00ebsht\u00eb e mundur.<\/div>\n\n\t\t<\/div>\n\t<\/div>\n<\/div><\/div><div class=\"vc_tta-panel\" id=\"1537820008575-e2a5ba27-4b0e\" data-vc-content=\".vc_tta-panel-body\"><div class=\"vc_tta-panel-heading\"><h4 class=\"vc_tta-panel-title vc_tta-controls-icon-position-left\"><a href=\"#1537820008575-e2a5ba27-4b0e\" data-vc-accordion data-vc-container=\".vc_tta-container\"><span class=\"vc_tta-title-text\">Disenjot Industriale<\/span><i class=\"vc_tta-controls-icon vc_tta-controls-icon-chevron\"><\/i><\/a><\/h4><\/div><div class=\"vc_tta-panel-body\">\n\t<div class=\"wpb_text_column wpb_content_element\" >\n\t\t<div class=\"wpb_wrapper\">\n\t\t\t<div class=\"intro area-text\">Albanian IP Matters ofron sh\u00ebrbime n\u00eb lidhje me k\u00ebrkimin, p\u00ebrgatitjen e aplikimeve p\u00ebr regjistimin e disenjove industriale, ndjekjen e tyre, paraqitjen e kund\u00ebrshtimeve ndaj nj\u00eb disenjo t\u00eb aplikuar apo te regjistruar, si dhe mbrojtjen n\u00eb procedura kund\u00ebrshtimi t\u00eb iniciuara nga pal\u00ebt e treta.<\/div>\n\n\t\t<\/div>\n\t<\/div>\n<\/div><\/div><div class=\"vc_tta-panel\" id=\"1537819934022-a3f93dd1-858a\" data-vc-content=\".vc_tta-panel-body\"><div class=\"vc_tta-panel-heading\"><h4 class=\"vc_tta-panel-title vc_tta-controls-icon-position-left\"><a href=\"#1537819934022-a3f93dd1-858a\" data-vc-accordion data-vc-container=\".vc_tta-container\"><span class=\"vc_tta-title-text\">Markat Tregtare<\/span><i class=\"vc_tta-controls-icon vc_tta-controls-icon-chevron\"><\/i><\/a><\/h4><\/div><div class=\"vc_tta-panel-body\">\n\t<div class=\"wpb_text_column wpb_content_element\" >\n\t\t<div class=\"wpb_wrapper\">\n\t\t\t<div class=\"intro area-text\">Albanian IP Matters ofron sh\u00ebrbime n\u00eb lidhje me k\u00ebrkimin, paraqitjen e aplikimeve p\u00ebr regjistimin e markave tregtare, ndjekjen e tyre, paraqitjen e kund\u00ebrshtimeve ndaj nj\u00eb marke t\u00eb aplikuar apo t\u00eb regjistruar, si dhe mbrojtjen n\u00eb procedura kund\u00ebrshtimi t\u00eb iniciuara nga pal\u00ebt e treta.<\/div>\n\n\t\t<\/div>\n\t<\/div>\n<\/div><\/div><div class=\"vc_tta-panel\" id=\"1537820024656-8a1a7e6c-7b54\" data-vc-content=\".vc_tta-panel-body\"><div class=\"vc_tta-panel-heading\"><h4 class=\"vc_tta-panel-title vc_tta-controls-icon-position-left\"><a href=\"#1537820024656-8a1a7e6c-7b54\" data-vc-accordion data-vc-container=\".vc_tta-container\"><span class=\"vc_tta-title-text\">E drejta e Autorit<\/span><i class=\"vc_tta-controls-icon vc_tta-controls-icon-chevron\"><\/i><\/a><\/h4><\/div><div class=\"vc_tta-panel-body\">\n\t<div class=\"wpb_text_column wpb_content_element\" >\n\t\t<div class=\"wpb_wrapper\">\n\t\t\t<div class=\"intro area-text\">Albanian IP Matters ju asiston n\u00eb procedur\u00ebn e regjistrimit t\u00eb s\u00eb drejt\u00ebs s\u00eb autorit si dhe n\u00eb ndjekjen ligjore, p\u00ebrfshir\u00eb veprimet p\u00ebr t\u00eb luftuar piraterin\u00eb dhe fallsifikimin e veprave t\u00eb mbrojtura nga e drejta e autorit.<\/div>\n\n\t\t<\/div>\n\t<\/div>\n<\/div><\/div><div class=\"vc_tta-panel\" id=\"1537820071334-664f9367-6e4c\" data-vc-content=\".vc_tta-panel-body\"><div class=\"vc_tta-panel-heading\"><h4 class=\"vc_tta-panel-title vc_tta-controls-icon-position-left\"><a href=\"#1537820071334-664f9367-6e4c\" data-vc-accordion data-vc-container=\".vc_tta-container\"><span class=\"vc_tta-title-text\">Emrat e Domain-ve<\/span><i class=\"vc_tta-controls-icon vc_tta-controls-icon-chevron\"><\/i><\/a><\/h4><\/div><div class=\"vc_tta-panel-body\">\n\t<div class=\"wpb_text_column wpb_content_element\" >\n\t\t<div class=\"wpb_wrapper\">\n\t\t\t<div class=\"intro area-text\">Albanian IP Matters ju asiston n\u00eb regjistrimin e emrave t\u00eb domain-ve, si dhe n\u00eb zgjidhjen e mosmarr\u00ebveshjeve p\u00ebrmes mekanizmave t\u00eb nd\u00ebrmjet\u00ebsimit dhe\/ose proceseve gjyq\u00ebsore.<\/div>\n\n\t\t<\/div>\n\t<\/div>\n<\/div><\/div><div class=\"vc_tta-panel\" id=\"1554820841969-b7f9c1ed-2468\" data-vc-content=\".vc_tta-panel-body\"><div class=\"vc_tta-panel-heading\"><h4 class=\"vc_tta-panel-title vc_tta-controls-icon-position-left\"><a href=\"#1554820841969-b7f9c1ed-2468\" data-vc-accordion data-vc-container=\".vc_tta-container\"><span class=\"vc_tta-title-text\">Marketing &amp; Konkurenca e (Pa) Ndershme<\/span><i class=\"vc_tta-controls-icon vc_tta-controls-icon-chevron\"><\/i><\/a><\/h4><\/div><div class=\"vc_tta-panel-body\">\n\t<div class=\"wpb_text_column wpb_content_element\" >\n\t\t<div class=\"wpb_wrapper\">\n\t\t\t<div class=\"intro area-text\">Albanian IP Matters ofron k\u00ebshilla p\u00ebr t\u00eb gjitha aspektet ligjore t\u00eb marketingut dhe konkurrenc\u00ebs s\u00eb (pa) ndershme psh. tregtimi i produkteve t\u00eb ngjashme deri tek reklamat krahasuese apo mashtruese.<br \/>\nNe k\u00ebshillojm\u00eb klient\u00ebt si t\u00eb p\u00ebrshtasin strategjit\u00eb e marketingut n\u00eb p\u00ebrputhje me rregullat e konkurrenc\u00ebs s\u00eb ndershme dhe legjislacionin, si dhe n\u00eb hartimin e guidave t\u00eb marketingut n\u00eb rrjetet sociale.<\/div>\n\n\t\t<\/div>\n\t<\/div>\n<\/div><\/div><div class=\"vc_tta-panel\" id=\"1537820044796-400f0329-c206\" data-vc-content=\".vc_tta-panel-body\"><div class=\"vc_tta-panel-heading\"><h4 class=\"vc_tta-panel-title vc_tta-controls-icon-position-left\"><a href=\"#1537820044796-400f0329-c206\" data-vc-accordion data-vc-container=\".vc_tta-container\"><span class=\"vc_tta-title-text\">Ndjekja e t\u00eb Drejtave t\u00eb PI &amp; Masa ndaj Pirateris\u00eb<\/span><i class=\"vc_tta-controls-icon vc_tta-controls-icon-chevron\"><\/i><\/a><\/h4><\/div><div class=\"vc_tta-panel-body\">\n\t<div class=\"wpb_text_column wpb_content_element\" >\n\t\t<div class=\"wpb_wrapper\">\n\t\t\t<div class=\"intro area-text\">Albanian IP Matters ju asiston n\u00eb procedurat e zgjidhjes me marr\u00ebveshje t\u00eb c\u00ebnimit, n\u00eb kryerjen e hetimeve p\u00ebr t\u00eb siguruar prova p\u00ebr shkeljet, si dhe n\u00eb proceset gjyq\u00ebsore p\u00ebr mbrojtjen e t\u00eb drejtave t\u00eb PI-s\u00eb.<br \/>\nNe bashk\u00ebpunojm\u00eb me Doganat, Inspektoriatin e Tregut dhe Policin\u00eb n\u00eb luft\u00ebn ndaj pirateris\u00eb dhe fallsifikimit t\u00eb t\u00eb drejt\u00ebs s\u00eb PI-s\u00eb.<\/div>\n\n\t\t<\/div>\n\t<\/div>\n<\/div><\/div><div class=\"vc_tta-panel\" id=\"1537820101296-bf15b707-db37\" data-vc-content=\".vc_tta-panel-body\"><div class=\"vc_tta-panel-heading\"><h4 class=\"vc_tta-panel-title vc_tta-controls-icon-position-left\"><a href=\"#1537820101296-bf15b707-db37\" data-vc-accordion data-vc-container=\".vc_tta-container\"><span class=\"vc_tta-title-text\">Sh\u00ebrbime t\u00eb tjera<\/span><i class=\"vc_tta-controls-icon vc_tta-controls-icon-chevron\"><\/i><\/a><\/h4><\/div><div class=\"vc_tta-panel-body\">\n\t<div class=\"wpb_text_column wpb_content_element\" >\n\t\t<div class=\"wpb_wrapper\">\n\t\t\t<div class=\"intro area-text\">\n<p>Ne gjithashtu sigurojm\u00eb sh\u00ebrbime n\u00eb lidhje me:<\/p>\n<ul class=\"list-services\">\n<li>T\u00eb drejtat e varieteteve t\u00eb bim\u00ebve;<\/li>\n<li>Treguesit gjeografik si dhe em\u00ebrtime t\u00eb origjin\u00ebs;<\/li>\n<li>Regjistrimi i barnave me autoritetet lokale;<\/li>\n<li>C\u00ebshtje t\u00eb lidhura me etiketimin e produkteve, dhe sigurin\u00eb e tyre;<\/li>\n<li>Mosmarr\u00ebveshje t\u00eb lidhura me kontrat\u00ebn e shp\u00ebrndarjes, etj.<\/li>\n<\/ul>\n<\/div>\n\n\t\t<\/div>\n\t<\/div>\n<\/div><\/div><\/div><\/div><\/div><\/div><\/div><\/div><\/div><\/div><div class=\"vc_row wpb_row vc_row-fluid container\"><div class=\"wpb_column vc_column_container vc_col-sm-12\"><div class=\"vc_column-inner\"><div class=\"wpb_wrapper\">\n\t<div class=\"wpb_text_column wpb_content_element\" >\n\t\t<div class=\"wpb_wrapper\">\n\t\t\t\n\t\t<\/div>\n\t<\/div>\n<\/div><\/div><\/div><\/div>\n<\/div>","protected":false},"excerpt":{"rendered":"Customized Solution for Your IPR Patents &amp; Utility Models Albanian IP Matters offers full services relating to: filing and prosecuting utility models and patent applications, including validating of European patents; extending the duration of patents with Supplementary Protection Certificates; restoring...","protected":false},"author":1,"featured_media":0,"parent":0,"menu_order":0,"comment_status":"closed","ping_status":"closed","template":"","meta":{"footnotes":""},"_links":{"self":[{"href":"https:\/\/albanianipmatters.al\/al\/wp-json\/wp\/v2\/pages\/9840"}],"collection":[{"href":"https:\/\/albanianipmatters.al\/al\/wp-json\/wp\/v2\/pages"}],"about":[{"href":"https:\/\/albanianipmatters.al\/al\/wp-json\/wp\/v2\/types\/page"}],"author":[{"embeddable":true,"href":"https:\/\/albanianipmatters.al\/al\/wp-json\/wp\/v2\/users\/1"}],"replies":[{"embeddable":true,"href":"https:\/\/albanianipmatters.al\/al\/wp-json\/wp\/v2\/comments?post=9840"}],"version-history":[{"count":139,"href":"https:\/\/albanianipmatters.al\/al\/wp-json\/wp\/v2\/pages\/9840\/revisions"}],"predecessor-version":[{"id":10576,"href":"https:\/\/albanianipmatters.al\/al\/wp-json\/wp\/v2\/pages\/9840\/revisions\/10576"}],"wp:attachment":[{"href":"https:\/\/albanianipmatters.al\/al\/wp-json\/wp\/v2\/media?parent=9840"}],"curies":[{"name":"wp","href":"https:\/\/api.w.org\/{rel}","templated":true}]}}