{"id":9915,"date":"2018-09-24T13:31:08","date_gmt":"2018-09-24T13:31:08","guid":{"rendered":"https:\/\/albanianipmatters.al\/?page_id=9915"},"modified":"2019-06-15T20:08:02","modified_gmt":"2019-06-15T20:08:02","slug":"gent-hasa","status":"publish","type":"page","link":"https:\/\/albanianipmatters.al\/al\/intro\/gent-hasa\/","title":{"rendered":"Gent Hasa &#8211; Albanian IP Matters"},"content":{"rendered":"<div class=\"wpb-content-wrapper\"><div class=\"vc_row wpb_row vc_row-fluid vc_custom_1537822282833 container\"><div class=\"wpb_column vc_column_container vc_col-sm-3\"><div class=\"vc_column-inner\"><div class=\"wpb_wrapper\">\n\t<div class=\"wpb_text_column wpb_content_element\" >\n\t\t<div class=\"wpb_wrapper\">\n\t\t\t<div class=\"image-2\"><img decoding=\"async\" class=\"team-img\" src=\"https:\/\/albanianipmatters.al\/wp-content\/uploads\/2018\/09\/Gents-photo-1.jpg\" \/><\/div>\n\n\t\t<\/div>\n\t<\/div>\n\n\t<div class=\"wpb_text_column wpb_content_element\" >\n\t\t<div class=\"wpb_wrapper\">\n\t\t\t<div class=\"team-member\">\n<div class=\"info\">\n<div class=\"member-name\">Gentjan Hasa<\/div>\n<div class=\"titles\">Bashk\u00eb-themelues<br \/>\nP\u00ebrfaq\u00ebsues i Autorizuar i Patentave dhe Markave<\/div>\n<div class=\"email2\"><a href=\"mailto:gent.hasa@albanianipmatters.al\">gent.hasa@albanianipmatters.al<\/a><\/div>\n<\/div>\n<\/div>\n\n\t\t<\/div>\n\t<\/div>\n<\/div><\/div><\/div><div class=\"wpb_column vc_column_container vc_col-sm-9\"><div class=\"vc_column-inner vc_custom_1540652135578\"><div class=\"wpb_wrapper\">\n\t<div class=\"wpb_text_column wpb_content_element\" >\n\t\t<div class=\"wpb_wrapper\">\n\t\t\t<div class=\"min-page min-page-0\">\n<p>Genti \u00ebsht\u00eb inxhinier mekanik dhe ka p\u00ebrgjegj\u00ebsin\u00eb p\u00ebr p\u00ebrgatitjen e aplikimeve p\u00ebr patenta dhe regjistrimin e tyre pran\u00eb Zyr\u00ebs Shqiptare t\u00eb Pron\u00ebsis\u00eb Industriale. Ai gjithashtu \u00ebsht\u00eb i specializuar n\u00eb regjistrimin e markave tregtare dhe t\u00eb disenjove industriale, si dhe n\u00eb analizimin strategjik t\u00eb portofoleve PI-s\u00eb.<\/p>\n<p>P\u00ebrvoja e tij 20 vje\u00e7are n\u00eb fush\u00ebn e inxhinieris\u00eb e fituar n\u00eb Itali dhe Shqip\u00ebri e b\u00ebn at\u00eb t\u00eb aft\u00eb p\u00ebr t\u00eb k\u00ebshilluar klient\u00ebt p\u00ebr rastet e shkeljes s\u00eb patentave n\u00eb t\u00eb gjitha fushat e inxhinieris\u00eb, ve\u00e7an\u00ebrisht n\u00eb fush\u00ebn e inxhinieris\u00eb s\u00eb automobilave, inxhinieris\u00eb s\u00eb energjetik\u00ebs, aparaturave dhe impianteve, teknologjis\u00eb ushqimore, si dhe inxhinieris\u00eb s\u00eb nd\u00ebrtimit dhe teknologjis\u00eb s\u00eb matjes.<\/p>\n<p>Ai \u00ebsht\u00eb gjithashtu p\u00ebrgjegj\u00ebs p\u00ebr koordinimin dhe mbik\u00ebqyrjen e regjistrimeve n\u00eb Kosov\u00eb, Mal t\u00eb Zi dhe Maqedonin\u00eb e Veriut.<\/p>\n<p><span class=\"edu-lang\">Kualifikime<\/span><br \/>\n<span class=\"edu\">P\u00ebrfaq\u00ebsues i Autorizuar p\u00ebr Patentat dhe Markat Tregtare, 2016<\/span><\/p>\n<p><span class=\"edu-lang\">Arsimi<\/span><br \/>\n<span class=\"edu\">Universiteti i Pis\u00ebs, Itali, Master Shkencor n\u00eb Inxhinerin\u00eb Mekanike, 2004<br \/>\nUniversiteti Politeknik i Tiran\u00ebs, Fakulteti i Inxhinerise Mekanike, 1998<\/span><br \/>\n<span class=\"edu-lang\">Gjuh\u00ebt<\/span><br \/>\n<span class=\"lang\">Shqip, Anglisht dhe Italisht<\/span><\/p>\n<p><span class=\"edu-lang\">An\u00ebtar\u00ebsime<\/span><br \/>\n<span class=\"lang\">INTA<\/span><\/p>\n<\/div>\n\n\t\t<\/div>\n\t<\/div>\n<\/div><\/div><\/div><\/div>\n<\/div>","protected":false},"excerpt":{"rendered":"Gentjan Hasa Co Founder Patent and Trademark Agent gent.hasa@albanianipmatters.al Gentjan is a mechanical engineer, and is mainly concerned with the preparation of patent applications and prosecution before the Albanian Industrial Property Office. He also specializes in trademark and design protection,...","protected":false},"author":1,"featured_media":0,"parent":9632,"menu_order":0,"comment_status":"closed","ping_status":"closed","template":"","meta":{"footnotes":""},"_links":{"self":[{"href":"https:\/\/albanianipmatters.al\/al\/wp-json\/wp\/v2\/pages\/9915"}],"collection":[{"href":"https:\/\/albanianipmatters.al\/al\/wp-json\/wp\/v2\/pages"}],"about":[{"href":"https:\/\/albanianipmatters.al\/al\/wp-json\/wp\/v2\/types\/page"}],"author":[{"embeddable":true,"href":"https:\/\/albanianipmatters.al\/al\/wp-json\/wp\/v2\/users\/1"}],"replies":[{"embeddable":true,"href":"https:\/\/albanianipmatters.al\/al\/wp-json\/wp\/v2\/comments?post=9915"}],"version-history":[{"count":46,"href":"https:\/\/albanianipmatters.al\/al\/wp-json\/wp\/v2\/pages\/9915\/revisions"}],"predecessor-version":[{"id":10565,"href":"https:\/\/albanianipmatters.al\/al\/wp-json\/wp\/v2\/pages\/9915\/revisions\/10565"}],"up":[{"embeddable":true,"href":"https:\/\/albanianipmatters.al\/al\/wp-json\/wp\/v2\/pages\/9632"}],"wp:attachment":[{"href":"https:\/\/albanianipmatters.al\/al\/wp-json\/wp\/v2\/media?parent=9915"}],"curies":[{"name":"wp","href":"https:\/\/api.w.org\/{rel}","templated":true}]}}